{"id":611,"date":"2021-06-01T18:51:50","date_gmt":"2021-06-01T16:51:50","guid":{"rendered":"http:\/\/offim.fr\/?page_id=611"},"modified":"2021-07-28T09:46:12","modified_gmt":"2021-07-28T07:46:12","slug":"publications","status":"publish","type":"page","link":"https:\/\/offim.fr\/en_US\/publications\/","title":{"rendered":"PUBLICATIONS"},"content":{"rendered":"<p style=\"text-align: center;\"><strong>La collection des aide-m\u00e9moires juridique, fiscal et financier<br \/>\ndepuis la premi\u00e8re \u00e9dition en 2018, avec en clin d\u2019\u0153il humoristique une r\u00e9trospective de nos v\u0153ux \u2026<\/strong><\/p>\n","protected":false},"excerpt":{"rendered":"<p>La collection des aide-m\u00e9moires juridique, fiscal et financier depuis la premi\u00e8re \u00e9dition en 2018, avec en clin d\u2019\u0153il humoristique une r\u00e9trospective de nos v\u0153ux \u2026<\/p>\n","protected":false},"author":1,"featured_media":0,"parent":0,"menu_order":0,"comment_status":"closed","ping_status":"closed","template":"","meta":[],"_links":{"self":[{"href":"https:\/\/offim.fr\/en_US\/wp-json\/wp\/v2\/pages\/611"}],"collection":[{"href":"https:\/\/offim.fr\/en_US\/wp-json\/wp\/v2\/pages"}],"about":[{"href":"https:\/\/offim.fr\/en_US\/wp-json\/wp\/v2\/types\/page"}],"author":[{"embeddable":true,"href":"https:\/\/offim.fr\/en_US\/wp-json\/wp\/v2\/users\/1"}],"replies":[{"embeddable":true,"href":"https:\/\/offim.fr\/en_US\/wp-json\/wp\/v2\/comments?post=611"}],"version-history":[{"count":5,"href":"https:\/\/offim.fr\/en_US\/wp-json\/wp\/v2\/pages\/611\/revisions"}],"predecessor-version":[{"id":674,"href":"https:\/\/offim.fr\/en_US\/wp-json\/wp\/v2\/pages\/611\/revisions\/674"}],"wp:attachment":[{"href":"https:\/\/offim.fr\/en_US\/wp-json\/wp\/v2\/media?parent=611"}],"curies":[{"name":"wp","href":"https:\/\/api.w.org\/{rel}","templated":true}]}}