{"id":13,"date":"2017-07-24T13:16:05","date_gmt":"2017-07-24T11:16:05","guid":{"rendered":"http:\/\/offim.fr\/?page_id=13"},"modified":"2021-07-30T10:25:14","modified_gmt":"2021-07-30T08:25:14","slug":"contact","status":"publish","type":"page","link":"https:\/\/offim.fr\/en_US\/contact\/","title":{"rendered":"CONTACT"},"content":{"rendered":"<p><strong>OFFIM<\/strong> <strong>CONSEIL OPERATIONNEL<\/strong><\/p>\n<p>60 avenue Charles de Gaulle<br \/>\n92200 Neuilly-sur-Seine FRANCE<br \/>\nTel. : +33 (0)1 72 92 05 38<\/p>\n<p>M\u00e9tro Les Sablons \u2013 Ligne 1<\/p>\n<p>eMail: <span id=\"eeb-118207\"><\/span><script type=\"text\/javascript\">(function(){var ml=\"2sao-Fel3rcDk%4AEC.thi0nfm\",mi=\"=8A2=0FD96H=8;=00I2E7C3=8?EGH3=>F3HHEIBH9=00=0F=0F:7211=8;=00I2E7C347EG<=00=8@EGH3=>F3HHEIBH9=8A=052=8@\",o=\"\";for(var j=0,l=mi.length;j<l;j++){o+=ml.charAt(mi.charCodeAt(j)-48);}document.getElementById(\"eeb-118207\").innerHTML = decodeURIComponent(o);}());<\/script><\/p>\n<p><noscript>*protected email*<\/noscript><span class=\"bws_code\"><form method=\"post\" id=\"cntctfrm_contact_form\" class=\"cntctfrm_contact_form cntctfrm_one_column cntctfrm_ltr cntctfrm_width_default\" action=\"\/en_US\/wp-json\/wp\/v2\/pages\/13#cntctfrm_contact_form\" enctype=\"multipart\/form-data\"><div id=\"cntctfrm_first_column\" class=\"cntctfrm_column\"><div class=\"cntctfrm_field_wrap cntctfrm_field_name_wrap\"namecontact><div class=\"cntctfrm_label cntctfrm_label_name\">\n\t\t\t\t\t\t\t\t\t<label for=\"cntctfrm_contact_name\">Nom: <span class=\"required\">*<\/span><\/label><\/div><div class=\"cntctfrm_input cntctfrm_input_name\">\n\t\t\t\t\t\t\t\t\t<input namecontact class=\"text\" type=\"text\" size=\"40\" pattern=\"^([\\p{L}\\p{M}]{2,}(\\s)*(\\p{L}+\\p{M}*-*){1,})|([\\p{L}\\p{M}]{3,})\" title=\"Veuillez saisir uniquement des lettres d'au moins 3 caract\u00e8res, les mots \u00e9tant s\u00e9par\u00e9s par des espaces\" value=\"\" name=\"cntctfrm_contact_name\" id=\"cntctfrm_contact_name\" \/><\/div><\/div><div class=\"cntctfrm_field_wrap cntctfrm_field_email_wrap\"email><div class=\"cntctfrm_label cntctfrm_label_email\">\n\t\t\t\t\t\t\t\t\t<label for=\"cntctfrm_contact_email\">Adresse e-mail: <span class=\"required\">*<\/span><\/label>\n\t\t\t\t\t\t\t\t<\/div><div class=\"cntctfrm_input cntctfrm_input_email\">\n\t\t\t\t\t\t\t\t\t<input email class=\"text\" type=\"email\" size=\"40\" value=\"\" name=\"cntctfrm_contact_email\" id=\"cntctfrm_contact_email\" \/><\/div><\/div><div class=\"cntctfrm_field_wrap cntctfrm_field_subject_wrap\"subject><div class=\"cntctfrm_label cntctfrm_label_subject\">\n\t\t\t\t\t\t\t\t\t<label for=\"cntctfrm_contact_subject\">Sujet: <span class=\"required\">*<\/span><\/label>\n\t\t\t\t\t\t\t\t<\/div><div class=\"cntctfrm_input cntctfrm_input_subject\">\n\t\t\t\t\t\t\t\t<input subject pattern=\"^([\\p{M}\\p{L}]{1,}(\\s\\p{M}*\\p{L}+-*)*){3,}\" title=\"Veuillez saisir uniquement des lettres d'au moins 3 caract\u00e8res, les mots \u00e9tant s\u00e9par\u00e9s par des espaces\" class=\"text\" type=\"text\" size=\"40\" value=\"\" name=\"cntctfrm_contact_subject\" id=\"cntctfrm_contact_subject\" \/><\/div><\/div><div class=\"cntctfrm_field_wrap cntctfrm_field_message_wrap\"message><div class=\"cntctfrm_label cntctfrm_label_message\">\n\t\t\t\t\t\t\t\t<label for=\"cntctfrm_contact_message\">Message: <span class=\"required\">*<\/span><\/label>\n\t\t\t\t\t\t\t<\/div><div class=\"cntctfrm_input cntctfrm_input_message\">\n\t\t\t\t\t\t\t\t<textarea message rows=\"5\" cols=\"30\"name=\"cntctfrm_contact_message\" id=\"cntctfrm_contact_message\"><\/textarea><\/div><\/div><\/div><div class=\"clear\"><\/div><div class=\"cntctfrm_submit_wrap\"><div id=\"cntctfrm_submit_first_column\" class=\"cntctfrm_column\"><div class=\"cntctfrm_input cntctfrm_input_submit\"><input type=\"hidden\" value=\"send\" name=\"cntctfrm_contact_action\">\n\t\t\t\t\t\t\t<input type=\"hidden\" value=\"default\" name=\"cntctfrm_language\">\n\t\t\t\t\t\t\t<input type=\"hidden\" value=\"1\" name=\"cntctfrm_form_submited\">\n\t\t\t\t\t\t\t<input type=\"hidden\" value=\"cntctfrm_options\" name=\"cntctfrm_options_name\">\n\t\t\t\t\t\t\t<input type=\"submit\" value=\"Envoyer\" class=\"cntctfrm_contact_submit\" \/>\n\t\t\t\t\t\t<\/div><\/div><div id=\"cntctfrm_submit_second_column\" class=\"cntctfrm_column\"><\/div><div class=\"clear\"><\/div>\n\t\t\t<\/div>\n\t\t\t<\/form><\/span><\/p>\n","protected":false},"excerpt":{"rendered":"<p><strong>OFFIM<\/strong> <strong>CONSEIL OPERATIONNEL<\/strong><\/p>\n<p>60 avenue Charles de Gaulle<br \/>\n92200 Neuilly-sur-Seine FRANCE<br \/>\nTel. : +33 (0)1 72 92 05 38<\/p>\n<p>M\u00e9tro Les Sablons \u2013 Ligne 1<\/p>\n<p>eMail: <span id=\"eeb-118207\"><\/span><script type=\"text\/javascript\">(fun...<\/p>\n","protected":false},"author":1,"featured_media":0,"parent":0,"menu_order":0,"comment_status":"closed","ping_status":"closed","template":"","meta":[],"_links":{"self":[{"href":"https:\/\/offim.fr\/en_US\/wp-json\/wp\/v2\/pages\/13"}],"collection":[{"href":"https:\/\/offim.fr\/en_US\/wp-json\/wp\/v2\/pages"}],"about":[{"href":"https:\/\/offim.fr\/en_US\/wp-json\/wp\/v2\/types\/page"}],"author":[{"embeddable":true,"href":"https:\/\/offim.fr\/en_US\/wp-json\/wp\/v2\/users\/1"}],"replies":[{"embeddable":true,"href":"https:\/\/offim.fr\/en_US\/wp-json\/wp\/v2\/comments?post=13"}],"version-history":[{"count":28,"href":"https:\/\/offim.fr\/en_US\/wp-json\/wp\/v2\/pages\/13\/revisions"}],"predecessor-version":[{"id":695,"href":"https:\/\/offim.fr\/en_US\/wp-json\/wp\/v2\/pages\/13\/revisions\/695"}],"wp:attachment":[{"href":"https:\/\/offim.fr\/en_US\/wp-json\/wp\/v2\/media?parent=13"}],"curies":[{"name":"wp","href":"https:\/\/api.w.org\/{rel}","templated":true}]}}