{"id":111,"date":"2017-08-01T17:37:16","date_gmt":"2017-08-01T15:37:16","guid":{"rendered":"http:\/\/offim.fr\/?page_id=111"},"modified":"2021-07-28T10:33:44","modified_gmt":"2021-07-28T08:33:44","slug":"mentions-legales-et-rgpd","status":"publish","type":"page","link":"https:\/\/offim.fr\/en_US\/mentions-legales-et-rgpd\/","title":{"rendered":"Mentions l\u00e9gales &#038; RGPD"},"content":{"rendered":"<p><strong>USAGE ET CONTENU DU SITE<\/strong><br \/>\nVous \u00eates connect\u00e9 sur le site de la soci\u00e9t\u00e9 de soci\u00e9t\u00e9 OFFIM CONSEIL OPERATIONNEL qui est \u00e9dit\u00e9 par la SAS OFFIM CONSEIL OPERATIONNEL, sise 60 avenue Charles de Gaulle \u00e0 Neuilly-sur-Seine (92200).<\/p>\n<p>Le site a pour langue officielle la langue fran\u00e7aise\u00a0; il est soumis au droit de la France et \u00e0 la comp\u00e9tence des juridictions fran\u00e7aises.<\/p>\n<p>&nbsp;<\/p>\n<p><strong>ACCES AU SITE<\/strong><br \/>\nL\u2019utilisateur de ce site reconna\u00eet disposer de la comp\u00e9tence et des moyens n\u00e9cessaires pour acc\u00e9der au site et l&#8217;utiliser.<\/p>\n<p>La soci\u00e9t\u00e9\u00a0OFFIM CONSEIL OPERATIONNEL ne saurait \u00eatre tenue responsable des \u00e9l\u00e9ments en dehors de son contr\u00f4le et des dommages qui pourraient \u00e9ventuellement \u00eatre subis par l\u2019environnement technique de l\u2019utilisateur et notamment, ses ordinateurs, logiciels, \u00e9quipements r\u00e9seaux et tout autre mat\u00e9riel utilis\u00e9 pour acc\u00e9der ou utiliser le service et\/ou les informations.<\/p>\n<p>Les frais d\u2019acc\u00e8s et d\u2019utilisation du r\u00e9seau de t\u00e9l\u00e9communication sont \u00e0 la charge de l\u2019utilisateur, selon les modalit\u00e9s fix\u00e9es par ses fournisseurs d\u2019acc\u00e8s et op\u00e9rateurs de t\u00e9l\u00e9communication.<\/p>\n<p>&nbsp;<\/p>\n<p><strong>CONTENU DU SITE<\/strong><br \/>\nLe site www.offim.fr est un site \u00e0 caract\u00e8re strictement informatif dont l\u2019objectif est de pr\u00e9senter l\u2019activit\u00e9 de la soci\u00e9t\u00e9 OFFIM CONSEIL OPERATIONNEL.<\/p>\n<p>Toutes les informations disponibles sur le site ont un caract\u00e8re exclusivement indicatif. Il ne s\u2019agit pas d\u2019un site transactionnel.<\/p>\n<p>En aucun cas, les informations publi\u00e9es sur le site ne repr\u00e9sentent une offre de produits ou de services pouvant \u00eatre assimil\u00e9e \u00e0 un appel public \u00e0 l&#8217;\u00e9pargne ou \u00e0 une quelconque activit\u00e9 de d\u00e9marchage ou de sollicitation \u00e0 l&#8217;achat ou \u00e0 la vente d\u2019instruments financiers ou de tout autre produit de gestion ou d&#8217;investissement, ni \u00e0 une incitation ou un conseil en vue d\u2019un quelconque investissement ou arbitrage d\u2019instruments financiers ou tout autre produit de gestion ou d\u2019investissement.<\/p>\n<p>Les informations disponibles sur ce site sont fournies de bonne foi et ne sauraient engager la responsabilit\u00e9 de la soci\u00e9t\u00e9 OFFIM CONSEIL OPERATIONNEL.<\/p>\n<p>Notamment, la soci\u00e9t\u00e9 OFFIM CONSEIL OPERATIONNEL, ni ses fournisseurs d\u2019information, ne pourront voir leurs responsabilit\u00e9s engag\u00e9es du fait d\u2019erreurs ou de retards dans la transmission desdites informations et donn\u00e9es.<\/p>\n<p>Les informations figurant sur le site ne visent pas \u00e0 \u00eatre utilis\u00e9es par toute personne ou entit\u00e9 dans un pays ou une juridiction o\u00f9 cette utilisation serait contraire aux dispositions l\u00e9gales ou r\u00e9glementaires, ou qui imposerait \u00e0 la soci\u00e9t\u00e9\u00a0OFFIM CONSEIL OPERATIONNEL de se conformer aux obligations d\u2019enregistrement de ces pays.<\/p>\n<p>La totalit\u00e9 ou partie des produits ou services peut ne pas \u00eatre enregistr\u00e9e ou autoris\u00e9e dans tous les pays ou disponible \u00e0 tous les clients.<\/p>\n<p>La soci\u00e9t\u00e9\u00a0OFFIM CONSEIL OPERATIONNEL se r\u00e9serve le droit de modifier, \u00e0 tout moment et sans pr\u00e9avis, le contenu de ce site.<\/p>\n<p>En outre, la soci\u00e9t\u00e9\u00a0OFFIM CONSEIL OPERATIONNEL d\u00e9cline toute responsabilit\u00e9 en cas de retard, d\u2019erreur ou d\u2019omission quant au contenu du site, de m\u00eame qu\u2019en cas d\u2019interruption ou de non-disponibilit\u00e9 de l\u2019acc\u00e8s ou du service.<\/p>\n<p>La soci\u00e9t\u00e9\u00a0OFFIM CONSEIL OPERATIONNEL ne peut pas non plus \u00eatre tenu pour responsable d\u2019une d\u00e9cision prise sur la base d\u2019une information contenue sur le site, ni de l\u2019utilisation qui pourrait en \u00eatre faite par des tiers.<\/p>\n<p>Toute personne souhaitant b\u00e9n\u00e9ficier d\u2019un ou de plusieurs des services et\/ou d\u2019un ou de plusieurs produits pr\u00e9sent\u00e9s sur le site est invit\u00e9e \u00e0 contacter la soci\u00e9t\u00e9\u00a0OFFIM CONSEIL OPERATIONNEL pour s\u2019informer des conditions contractuelles d\u2019intervention ou de co\u00fbt de ce produit et\/ou de ce service.<\/p>\n<p>L\u2019acc\u00e8s aux produits et services pr\u00e9sent\u00e9s sur le site peut faire l\u2019objet de restrictions \u00e0 l\u2019\u00e9gard de certaines personnes ou dans certains pays et notamment \u00e0 l\u2019\u00e9gard des investisseurs non ressortissants et\/ou r\u00e9sidents en France qui sont soumis \u00e0 une l\u00e9gislation sp\u00e9cifique.<\/p>\n<p>En outre, les produits et services pr\u00e9sent\u00e9s sur ce site ne peuvent \u00eatre souscrits que dans les juridictions dans lesquelles leur commercialisation et leur promotion sont autoris\u00e9es.<\/p>\n<p>La soci\u00e9t\u00e9\u00a0OFFIM CONSEIL OPERATIONNEL conseille \u00e0 toute personne susceptible d\u2019\u00eatre int\u00e9ress\u00e9e de s\u2019assurer qu\u2019elle est juridiquement autoris\u00e9e \u00e0 souscrire des produits et\/ou des services pr\u00e9sent\u00e9s sur le site.<\/p>\n<p>Il appartient en effet \u00e0 toute personne int\u00e9ress\u00e9e de v\u00e9rifier pr\u00e9alablement aupr\u00e8s de ses conseils habituels que son statut juridique et fiscal lui permet de souscrire ou b\u00e9n\u00e9ficier des produits et\/ou des services pr\u00e9sent\u00e9s sur le site. Cette v\u00e9rification est du seul ressort de la personne int\u00e9ress\u00e9e, la soci\u00e9t\u00e9\u00a0OFFIM CONSEIL OPERATIONNEL ne pouvant en \u00eatre tenue pour responsable.<\/p>\n<p>&nbsp;<\/p>\n<p><strong>COOKIES<\/strong><br \/>\nL\u2019utilisateur est inform\u00e9 que lors de ses visites sur le site, un cookie peut s\u2019installer automatiquement et \u00eatre conserv\u00e9 temporairement en m\u00e9moire ou sur son disque dur. Un cookie est un \u00e9l\u00e9ment qui ne permet pas d\u2019identifier l\u2019utilisateur mais sert \u00e0 enregistrer des informations relatives \u00e0 la navigation de celui-ci sur le site.<\/p>\n<p>Les utilisateurs du site reconnaissent avoir \u00e9t\u00e9 inform\u00e9s de cette pratique et autorisent la soci\u00e9t\u00e9\u00a0OFFIM CONSEIL OPERATIONNEL \u00e0 l\u2019employer. Ils pourront d\u00e9sactiver ce cookie dans le menu des options de leur logiciel de navigation.<\/p>\n<p>&nbsp;<\/p>\n<p><strong>DONNEES PERSONNELLES<\/strong><br \/>\nVous disposez d\u2019un droit d\u2019acc\u00e8s, de modification, de rectification et de suppression des donn\u00e9es qui vous concernent conform\u00e9ment \u00e0 la Loi Informatique et Libert\u00e9s du 6 janvier 1978. Pour l\u2019exercer, adressez-vous \u00e0 la soci\u00e9t\u00e9 OFFIM CONSEIL OPERATIONNEL : info@offim.fr.<noscript>*protected<\/noscript><\/p>\n<p>Vous disposez \u00e9galement du droit de vous opposer \u00e0 recevoir des messages de prospection, que vous pouvez exercer en nous adressant un courrier \u00e0 la m\u00eame adresse \u00e9lectronique.<\/p>\n<p>Au contraire, si vous souhaitez recevoir \u00e0 l\u2019avenir par voie \u00e9lectronique des informations concernant la soci\u00e9t\u00e9 OFFIM CONSEIL OPERATIONNEL, vous pouvez nous contacter et nous le faire savoir en adressant un courrier \u00e0 la m\u00eame adresse \u00e9lectronique.<\/p>\n<p>&nbsp;<\/p>\n<p><strong>PROPRIETE INTELLECTUELLE<\/strong><br \/>\nLa soci\u00e9t\u00e9 OFFIM CONSEIL OPERATIONNEL est propri\u00e9taire, ou titulaire des droits, des \u00e9l\u00e9ments qui composent ce site notamment les donn\u00e9es, dessins, graphiques, logos, marques, produits et leurs d\u00e9clinaisons.<\/p>\n<p>Toute reproduction, repr\u00e9sentation, diffusion ou rediffusion, totale ou partielle, du contenu de ce site par quelque proc\u00e9d\u00e9 que ce soit sans l\u2019autorisation expresse et pr\u00e9alable de la soci\u00e9t\u00e9\u00a0OFFIM CONSEIL OPERATIONNEL est interdite.<\/p>\n","protected":false},"excerpt":{"rendered":"<p>USAGE ET CONTENU DU SITE Vous \u00eates connect\u00e9 sur le site de la soci\u00e9t\u00e9 de soci\u00e9t\u00e9 OFFIM CONSEIL OPERATIONNEL qui est \u00e9dit\u00e9 par la SAS OFFIM CONSEIL OPERATIONNEL, sise 60 avenue Charles de Gaulle \u00e0 Neuilly-sur-Seine (92200). Le site a pour langue officielle la langue fran\u00e7aise\u00a0; il est soumis au droit de la France et &hellip; <\/p>\n<p class=\"link-more\"><a href=\"https:\/\/offim.fr\/en_US\/mentions-legales-et-rgpd\/\" class=\"more-link\">Continuer la lecture<span class=\"screen-reader-text\"> de &laquo;&nbsp;Mentions l\u00e9gales &#038; RGPD&nbsp;&raquo;<\/span><\/a><\/p>\n","protected":false},"author":1,"featured_media":0,"parent":0,"menu_order":0,"comment_status":"closed","ping_status":"closed","template":"","meta":[],"_links":{"self":[{"href":"https:\/\/offim.fr\/en_US\/wp-json\/wp\/v2\/pages\/111"}],"collection":[{"href":"https:\/\/offim.fr\/en_US\/wp-json\/wp\/v2\/pages"}],"about":[{"href":"https:\/\/offim.fr\/en_US\/wp-json\/wp\/v2\/types\/page"}],"author":[{"embeddable":true,"href":"https:\/\/offim.fr\/en_US\/wp-json\/wp\/v2\/users\/1"}],"replies":[{"embeddable":true,"href":"https:\/\/offim.fr\/en_US\/wp-json\/wp\/v2\/comments?post=111"}],"version-history":[{"count":7,"href":"https:\/\/offim.fr\/en_US\/wp-json\/wp\/v2\/pages\/111\/revisions"}],"predecessor-version":[{"id":685,"href":"https:\/\/offim.fr\/en_US\/wp-json\/wp\/v2\/pages\/111\/revisions\/685"}],"wp:attachment":[{"href":"https:\/\/offim.fr\/en_US\/wp-json\/wp\/v2\/media?parent=111"}],"curies":[{"name":"wp","href":"https:\/\/api.w.org\/{rel}","templated":true}]}}